{"id":12,"date":"2024-12-21T00:34:20","date_gmt":"2024-12-21T00:34:20","guid":{"rendered":"https:\/\/questclinic.pt\/?page_id=12"},"modified":"2025-04-03T23:54:43","modified_gmt":"2025-04-03T23:54:43","slug":"home","status":"publish","type":"page","link":"https:\/\/questclinic.pt\/en\/","title":{"rendered":"home"},"content":{"rendered":"<div data-elementor-type=\"wp-post\" data-elementor-id=\"12\" class=\"elementor elementor-12\">\n\t\t\t\t<div class=\"elementor-element elementor-element-913e6aa first-secction e-flex e-con-boxed wpr-jarallax-no wpr-sticky-section-no e-con e-parent\" data-id=\"913e6aa\" data-element_type=\"container\">\n\t\t\t\t\t<div class=\"e-con-inner\">\n\t\t<div class=\"elementor-element elementor-element-620e4bf e-con-full e-flex wpr-jarallax-no wpr-sticky-section-no e-con e-child\" data-id=\"620e4bf\" data-element_type=\"container\">\n\t\t\t\t<div class=\"elementor-element elementor-element-da21eaa elementor-widget__width-initial elementor-widget-mobile__width-inherit elementor-widget-tablet__width-initial titl elementor-widget elementor-widget-heading\" data-id=\"da21eaa\" data-element_type=\"widget\" data-widget_type=\"heading.default\">\n\t\t\t\t\t<h2 class=\"elementor-heading-title elementor-size-default\">Modern science and ancient wisdom<\/h2>\t\t\t\t<\/div>\n\t\t\t\t<div class=\"elementor-element elementor-element-1ff3046 elementor-widget__width-initial elementor-widget-mobile__width-inherit elementor-widget-tablet__width-initial titl elementor-widget elementor-widget-heading\" data-id=\"1ff3046\" data-element_type=\"widget\" data-widget_type=\"heading.default\">\n\t\t\t\t\t<h2 class=\"elementor-heading-title elementor-size-default\">At the service of sleep and human development.<\/h2>\t\t\t\t<\/div>\n\t\t\t\t<\/div>\n\t\t\t\t\t<\/div>\n\t\t\t\t<\/div>\n\t\t<div class=\"elementor-element elementor-element-6973c93 e-flex e-con-boxed wpr-jarallax-no wpr-sticky-section-no e-con e-parent\" data-id=\"6973c93\" data-element_type=\"container\">\n\t\t\t\t\t<div class=\"e-con-inner\">\n\t\t<div class=\"elementor-element elementor-element-c46ed28 e-con-full elementor-hidden-mobile e-flex wpr-jarallax-no wpr-sticky-section-no e-con e-child\" data-id=\"c46ed28\" data-element_type=\"container\" data-settings=\"{&quot;background_background&quot;:&quot;classic&quot;}\">\n\t\t\t\t<\/div>\n\t\t<div class=\"elementor-element elementor-element-4d717fc e-con-full elementor-hidden-desktop elementor-hidden-mobile e-flex wpr-jarallax-no wpr-sticky-section-no e-con e-child\" data-id=\"4d717fc\" data-element_type=\"container\" data-settings=\"{&quot;background_background&quot;:&quot;classic&quot;}\">\n\t\t\t\t<div class=\"elementor-element elementor-element-fcda118 elementor-widget-tablet__width-initial elementor-widget elementor-widget-text-editor\" data-id=\"fcda118\" data-element_type=\"widget\" data-widget_type=\"text-editor.default\">\n\t\t\t\t\t\t\t\t\t<h6><span class=\"titulo\">We are a specialized clinic<\/span> <span class=\"subtitulo\"> in the study and treatment of Sleep, with a focus on the Integral Development of the Human Being.<\/span><\/h6>\t\t\t\t\t\t\t\t<\/div>\n\t\t\t\t<div class=\"elementor-element elementor-element-8bb51ee text elementor-widget elementor-widget-text-editor\" data-id=\"8bb51ee\" data-element_type=\"widget\" data-widget_type=\"text-editor.default\">\n\t\t\t\t\t\t\t\t\t<p>Our mission is to look at and care for Human Beings in an integrative, preventive and interdisciplinary way. To this end, we consider in our approach the multiple human dimensions (physical, mental, emotional and spiritual) and the various approaches and visions on health.<\/p><p>At Quest Clinic we believe that the healing process involves reconciliation and integration of all parties. Therefore, we take care of the night so that you can live better each day; we take care of the day so that you can sleep better each night and we take care of all human dimensions so that you feel fulfilled.<\/p><p>We have at your disposal in our clinic:<br \/>\u2013 A team of highly specialized professionals, committed to accompanying you throughout your healing journey.<\/p><p>\u2013 Diagnostic exams in the area of sleep, in outpatient clinics and at home.<\/p><p>\u2013 Various services that aim to respond to your needs for healing, self-care and evolution.<\/p>\t\t\t\t\t\t\t\t<\/div>\n\t\t\t\t<\/div>\n\t\t<div class=\"elementor-element elementor-element-b24f3e7 e-con-full elementor-hidden-tablet e-flex wpr-jarallax-no wpr-sticky-section-no e-con e-child\" data-id=\"b24f3e7\" data-element_type=\"container\" data-settings=\"{&quot;background_background&quot;:&quot;classic&quot;}\">\n\t\t\t\t<div class=\"elementor-element elementor-element-09a6e45 elementor-widget-tablet__width-initial elementor-widget elementor-widget-text-editor\" data-id=\"09a6e45\" data-element_type=\"widget\" data-widget_type=\"text-editor.default\">\n\t\t\t\t\t\t\t\t\t<h6><span class=\"titulo\">We are a specialized clinic<\/span> <span class=\"subtitulo\"> in the study and treatment of Sleep, with a focus on the Integral Development of the Human Being.<\/span><\/h6>\t\t\t\t\t\t\t\t<\/div>\n\t\t\t\t<div class=\"elementor-element elementor-element-583149c text elementor-widget elementor-widget-text-editor\" data-id=\"583149c\" data-element_type=\"widget\" data-widget_type=\"text-editor.default\">\n\t\t\t\t\t\t\t\t\t<p>Our mission is to look at and care for Human Beings in an integrative, preventive and interdisciplinary way. To this end, we consider in our approach the multiple human dimensions (physical, mental, emotional and spiritual) and the various approaches and visions on health.<\/p><p>At Quest Clinic we believe that the healing process involves reconciliation and integration of all parties. Therefore, we take care of the night so that you can live better each day; we take care of the day so that you can sleep better each night and we take care of all human dimensions so that you feel fulfilled.<\/p><p>We have at your disposal in our clinic:<br \/>\u2013 A team of highly specialized professionals, committed to accompanying you throughout your healing journey.<\/p><p>\u2013 Diagnostic exams in the area of sleep, in outpatient clinics and at home.<\/p><p>\u2013 Various services that aim to respond to your needs for healing, self-care and evolution.<\/p>\t\t\t\t\t\t\t\t<\/div>\n\t\t\t\t<\/div>\n\t\t\t\t\t<\/div>\n\t\t\t\t<\/div>\n\t\t<div class=\"elementor-element elementor-element-1cfbc0c e-flex e-con-boxed wpr-jarallax-no wpr-sticky-section-no e-con e-parent\" data-id=\"1cfbc0c\" data-element_type=\"container\">\n\t\t\t\t\t<div class=\"e-con-inner\">\n\t\t\t\t<div class=\"elementor-element elementor-element-02409cd elementor-widget elementor-widget-heading\" data-id=\"02409cd\" data-element_type=\"widget\" data-widget_type=\"heading.default\">\n\t\t\t\t\t<h4 class=\"elementor-heading-title elementor-size-default\"><span class=\"font_title_bold\">take care of your sleep and well-being.<\/span> Reconnect with your essence and purpose.<\/h4>\t\t\t\t<\/div>\n\t\t\t\t\t<\/div>\n\t\t\t\t<\/div>\n\t\t<div class=\"elementor-element elementor-element-edf9a42 e-flex e-con-boxed wpr-jarallax-no wpr-sticky-section-no e-con e-parent\" data-id=\"edf9a42\" data-element_type=\"container\" data-settings=\"{&quot;background_background&quot;:&quot;classic&quot;}\">\n\t\t\t\t\t<div class=\"e-con-inner\">\n\t\t\t\t\t<\/div>\n\t\t\t\t<\/div>\n\t\t\t\t<\/div>","protected":false},"excerpt":{"rendered":"<p>Ci\u00eancia moderna e sabedoria ancestral Ao servi\u00e7o do sono e do desenvolvimento humano. Somos uma cl\u00ednica especializada no estudo e<\/p>","protected":false},"author":1,"featured_media":0,"parent":0,"menu_order":0,"comment_status":"closed","ping_status":"closed","template":"elementor_header_footer","meta":{"_acf_changed":false,"site-sidebar-layout":"no-sidebar","site-content-layout":"","ast-site-content-layout":"full-width-container","site-content-style":"default","site-sidebar-style":"default","ast-global-header-display":"","ast-banner-title-visibility":"","ast-main-header-display":"","ast-hfb-above-header-display":"","ast-hfb-below-header-display":"","ast-hfb-mobile-header-display":"","site-post-title":"disabled","ast-breadcrumbs-content":"","ast-featured-img":"disabled","footer-sml-layout":"","ast-disable-related-posts":"","theme-transparent-header-meta":"","adv-header-id-meta":"","stick-header-meta":"","header-above-stick-meta":"","header-main-stick-meta":"","header-below-stick-meta":"","astra-migrate-meta-layouts":"default","ast-page-background-enabled":"default","ast-page-background-meta":{"desktop":{"background-color":"var(--ast-global-color-4)","background-image":"","background-repeat":"repeat","background-position":"center center","background-size":"auto","background-attachment":"scroll","background-type":"","background-media":"","overlay-type":"","overlay-color":"","overlay-opacity":"","overlay-gradient":""},"tablet":{"background-color":"","background-image":"","background-repeat":"repeat","background-position":"center center","background-size":"auto","background-attachment":"scroll","background-type":"","background-media":"","overlay-type":"","overlay-color":"","overlay-opacity":"","overlay-gradient":""},"mobile":{"background-color":"","background-image":"","background-repeat":"repeat","background-position":"center center","background-size":"auto","background-attachment":"scroll","background-type":"","background-media":"","overlay-type":"","overlay-color":"","overlay-opacity":"","overlay-gradient":""}},"ast-content-background-meta":{"desktop":{"background-color":"var(--ast-global-color-5)","background-image":"","background-repeat":"repeat","background-position":"center center","background-size":"auto","background-attachment":"scroll","background-type":"","background-media":"","overlay-type":"","overlay-color":"","overlay-opacity":"","overlay-gradient":""},"tablet":{"background-color":"var(--ast-global-color-5)","background-image":"","background-repeat":"repeat","background-position":"center center","background-size":"auto","background-attachment":"scroll","background-type":"","background-media":"","overlay-type":"","overlay-color":"","overlay-opacity":"","overlay-gradient":""},"mobile":{"background-color":"var(--ast-global-color-5)","background-image":"","background-repeat":"repeat","background-position":"center center","background-size":"auto","background-attachment":"scroll","background-type":"","background-media":"","overlay-type":"","overlay-color":"","overlay-opacity":"","overlay-gradient":""}},"footnotes":""},"class_list":["post-12","page","type-page","status-publish","hentry"],"acf":[],"_links":{"self":[{"href":"https:\/\/questclinic.pt\/en\/wp-json\/wp\/v2\/pages\/12","targetHints":{"allow":["GET"]}}],"collection":[{"href":"https:\/\/questclinic.pt\/en\/wp-json\/wp\/v2\/pages"}],"about":[{"href":"https:\/\/questclinic.pt\/en\/wp-json\/wp\/v2\/types\/page"}],"author":[{"embeddable":true,"href":"https:\/\/questclinic.pt\/en\/wp-json\/wp\/v2\/users\/1"}],"replies":[{"embeddable":true,"href":"https:\/\/questclinic.pt\/en\/wp-json\/wp\/v2\/comments?post=12"}],"version-history":[{"count":0,"href":"https:\/\/questclinic.pt\/en\/wp-json\/wp\/v2\/pages\/12\/revisions"}],"wp:attachment":[{"href":"https:\/\/questclinic.pt\/en\/wp-json\/wp\/v2\/media?parent=12"}],"curies":[{"name":"wp","href":"https:\/\/api.w.org\/{rel}","templated":true}]}}