{"id":55,"date":"2024-12-21T00:58:48","date_gmt":"2024-12-21T00:58:48","guid":{"rendered":"https:\/\/questclinic.pt\/?page_id=55"},"modified":"2025-04-06T19:44:19","modified_gmt":"2025-04-06T19:44:19","slug":"contactos","status":"publish","type":"page","link":"https:\/\/questclinic.pt\/en\/contactos\/","title":{"rendered":"Contacts"},"content":{"rendered":"<div data-elementor-type=\"wp-page\" data-elementor-id=\"55\" class=\"elementor elementor-55\">\n\t\t\t\t<div class=\"elementor-element elementor-element-cbcac4c first-secction e-flex e-con-boxed wpr-jarallax-no wpr-sticky-section-no e-con e-parent\" data-id=\"cbcac4c\" data-element_type=\"container\">\n\t\t\t\t\t<div class=\"e-con-inner\">\n\t\t<div class=\"elementor-element elementor-element-b088225 e-con-full e-flex wpr-jarallax-no wpr-sticky-section-no e-con e-child\" data-id=\"b088225\" data-element_type=\"container\">\n\t\t\t\t<div class=\"elementor-element elementor-element-97d734c elementor-widget elementor-widget-text-editor\" data-id=\"97d734c\" data-element_type=\"widget\" data-widget_type=\"text-editor.default\">\n\t\t\t\t\t\t\t\t\t<span class=\"titulo\">Make your appointments online or contact us by phone or email<\/span>\t\t\t\t\t\t\t\t<\/div>\n\t\t\t\t<div class=\"elementor-element elementor-element-43efb5f text elementor-widget elementor-widget-text-editor\" data-id=\"43efb5f\" data-element_type=\"widget\" data-widget_type=\"text-editor.default\">\n\t\t\t\t\t\t\t\t\t<p><b>Do you want to schedule an appointment or clarify any doubts?<\/b> Fill out the form with the desired date and time and our team will contact you as soon as possible to adjust all the details.<\/p>\t\t\t\t\t\t\t\t<\/div>\n\t\t<div class=\"elementor-element elementor-element-0041c28 e-con-full e-flex wpr-jarallax-no wpr-sticky-section-no e-con e-child\" data-id=\"0041c28\" data-element_type=\"container\">\n\t\t\t\t<div class=\"elementor-element elementor-element-1199a99 elementor-position-inline-start elementor-mobile-position-inline-start icon-box elementor-view-default elementor-widget elementor-widget-icon-box\" data-id=\"1199a99\" data-element_type=\"widget\" data-widget_type=\"icon-box.default\">\n\t\t\t\t\t\t\t<div class=\"elementor-icon-box-wrapper\">\n\n\t\t\t\t\t\t<div class=\"elementor-icon-box-icon\">\n\t\t\t\t<span  class=\"elementor-icon\">\n\t\t\t\t<svg aria-hidden=\"true\" class=\"e-font-icon-svg e-fas-phone-alt\" viewbox=\"0 0 512 512\" xmlns=\"http:\/\/www.w3.org\/2000\/svg\"><path d=\"M497.39 361.8l-112-48a24 24 0 0 0-28 6.9l-49.6 60.6A370.66 370.66 0 0 1 130.6 204.11l60.6-49.6a23.94 23.94 0 0 0 6.9-28l-48-112A24.16 24.16 0 0 0 122.6.61l-104 24A24 24 0 0 0 0 48c0 256.5 207.9 464 464 464a24 24 0 0 0 23.4-18.6l24-104a24.29 24.29 0 0 0-14.01-27.6z\"><\/path><\/svg>\t\t\t\t<\/span>\n\t\t\t<\/div>\n\t\t\t\n\t\t\t\t\t\t<div class=\"elementor-icon-box-content\">\n\n\t\t\t\t\t\t\t\t\t<h6 class=\"elementor-icon-box-title\">\n\t\t\t\t\t\t<span  >\n\t\t\t\t\t\t\t960 195 779&nbsp;<i class=\"fi-xtluxl-minus minus-bar-icon\"><\/i>&nbsp;289 396 132\t\t\t\t\t\t<\/span>\n\t\t\t\t\t<\/h6>\n\t\t\t\t\n\t\t\t\t\n\t\t\t<\/div>\n\t\t\t\n\t\t<\/div>\n\t\t\t\t\t\t<\/div>\n\t\t\t\t<div class=\"elementor-element elementor-element-24dfb3f elementor-position-inline-start elementor-mobile-position-inline-start icon-box elementor-view-default elementor-widget elementor-widget-icon-box\" data-id=\"24dfb3f\" data-element_type=\"widget\" data-widget_type=\"icon-box.default\">\n\t\t\t\t\t\t\t<div class=\"elementor-icon-box-wrapper\">\n\n\t\t\t\t\t\t<div class=\"elementor-icon-box-icon\">\n\t\t\t\t<a href=\"mailto:in**@*********ic.pt\" data-original-string=\"PkdobGXyhVIYgzYN5oNd9Q==728363pI8F2aLwLSwtDCvFboAHEP8v75DsXxNtQ+i2B6ug=\" title=\"This contact has been encoded by Anti-Spam by CleanTalk. Click to decode. To finish the decoding make sure that JavaScript is enabled in your browser.\" class=\"elementor-icon\" tabindex=\"-1\" aria-label=\"info@questclinic.pt\">\n\t\t\t\t<svg aria-hidden=\"true\" class=\"e-font-icon-svg e-fas-envelope\" viewbox=\"0 0 512 512\" xmlns=\"http:\/\/www.w3.org\/2000\/svg\"><path d=\"M502.3 190.8c3.9-3.1 9.7-.2 9.7 4.7V400c0 26.5-21.5 48-48 48H48c-26.5 0-48-21.5-48-48V195.6c0-5 5.7-7.8 9.7-4.7 22.4 17.4 52.1 39.5 154.1 113.6 21.1 15.4 56.7 47.8 92.2 47.6 35.7.3 72-32.8 92.3-47.6 102-74.1 131.6-96.3 154-113.7zM256 320c23.2.4 56.6-29.2 73.4-41.4 132.7-96.3 142.8-104.7 173.4-128.7 5.8-4.5 9.2-11.5 9.2-18.9v-19c0-26.5-21.5-48-48-48H48C21.5 64 0 85.5 0 112v19c0 7.4 3.4 14.3 9.2 18.9 30.6 23.9 40.7 32.4 173.4 128.7 16.8 12.2 50.2 41.8 73.4 41.4z\"><\/path><\/svg>\t\t\t\t<\/a>\n\t\t\t<\/div>\n\t\t\t\n\t\t\t\t\t\t<div class=\"elementor-icon-box-content\">\n\n\t\t\t\t\t\t\t\t\t<h6 class=\"elementor-icon-box-title\">\n\t\t\t\t\t\t<a href=\"mailto:in**@*********ic.pt\" data-original-string=\"ZdusCVnQ8qNOT2HPhPQKIA==728iD\/tOdsz1Aa9WspBMmg+xuF188CsVM8HbCMjsDpklk4=\" title=\"This contact has been encoded by Anti-Spam by CleanTalk. Click to decode. To finish the decoding make sure that JavaScript is enabled in your browser.\" >\n\t\t\t\t\t\t\t<span \n                data-original-string='x0C+AayswGAsroCq99+cwQ==728UAHidiU2MmvKJ+pBh1G0i32hXGZhTpVKbjTi9dSvGdU='\n                class='apbct-email-encoder'\n                title='This contact has been encoded by Anti-Spam by CleanTalk. Click to decode. To finish the decoding make sure that JavaScript is enabled in your browser.'>in<span class=\"apbct-blur\">**<\/span>@<span class=\"apbct-blur\">*********<\/span>ic.pt<\/span>\t\t\t\t\t\t<\/a>\n\t\t\t\t\t<\/h6>\n\t\t\t\t\n\t\t\t\t\n\t\t\t<\/div>\n\t\t\t\n\t\t<\/div>\n\t\t\t\t\t\t<\/div>\n\t\t\t\t<\/div>\n\t\t\t\t<\/div>\n\t\t<div class=\"elementor-element elementor-element-3747f69 e-con-full e-flex wpr-jarallax-no wpr-sticky-section-no e-con e-child\" data-id=\"3747f69\" data-element_type=\"container\">\n\t\t\t\t<div class=\"elementor-element elementor-element-10ae866 form-contact elementor-widget elementor-widget-shortcode\" data-id=\"10ae866\" data-element_type=\"widget\" data-widget_type=\"shortcode.default\">\n\t\t\t\t\t\t\t<div class=\"elementor-shortcode\"><div class=\"forminator-ui forminator-custom-form forminator-custom-form-639 forminator-design--default forminator-enclosed forminator_ajax\" data-forminator-render=\"0\" data-form=\"forminator-module-639\" data-uid=\"69fb1b0c182b9\"><br\/><\/div><form\r\n\t\t\t\tid=\"forminator-module-639\"\r\n\t\t\t\tclass=\"forminator-ui forminator-custom-form forminator-custom-form-639 forminator-design--default forminator-enclosed forminator_ajax\"\r\n\t\t\t\tmethod=\"post\"\r\n\t\t\t\tdata-forminator-render=\"0\"\r\n\t\t\t\tdata-form-id=\"639\"\r\n\t\t\t\t\r\n\t\t\t\tdata-design=\"default\"\r\n\t\t\t\t\r\n\t\t\t\t\r\n\t\t\t\t\r\n\t\t\t\tdata-grid=\"enclosed\"\r\n\t\t\t\t\r\n\t\t\t\t\r\n\t\t\t\tstyle=\"display: none;\"\r\n\t\t\t\t\r\n\t\t\t\tdata-uid=\"69fb1b0c182b9\" action=\"\"\r\n\t\t\t><div role=\"alert\" aria-live=\"polite\" class=\"forminator-response-message forminator-error\" aria-hidden=\"true\"><\/div><div class=\"forminator-row\"><div id=\"name-1\" class=\"forminator-field-name forminator-col forminator-col-12\"><div class=\"forminator-row forminator-no-margin\" data-multiple=\"true\"><div class=\"forminator-col forminator-col-md-6\"><div class=\"forminator-field\"><input type=\"text\" name=\"name-1-first-name\" placeholder=\"Name*\" id=\"forminator-field-first-name-1_69fb1b0c182b9\" class=\"forminator-input\" aria-required=\"true\" data-multi=\"1\" value=\"\" \/><\/div><\/div><div class=\"forminator-col forminator-col-md-6\"><div class=\"forminator-field\"><input type=\"text\" name=\"name-1-last-name\" placeholder=\"Surname\" id=\"forminator-field-last-name-1_69fb1b0c182b9\" class=\"forminator-input\" aria-required=\"false\" data-multi=\"1\" value=\"\" \/><\/div><\/div><\/div><\/div><\/div><div class=\"forminator-row\"><div id=\"email-1\" class=\"forminator-field-email forminator-col forminator-col-12\"><div class=\"forminator-field\"><input type=\"email\" name=\"email-1\" value=\"\" placeholder=\"example@email.com*\" id=\"forminator-field-email-1_69fb1b0c182b9\" class=\"forminator-input forminator-email--field\" data-required=\"1\" aria-required=\"true\" \/><\/div><\/div><\/div><div class=\"forminator-row\"><div id=\"phone-1\" class=\"forminator-field-phone forminator-col forminator-col-12\"><div class=\"forminator-field\"><input type=\"text\" name=\"phone-1\" value=\"\" placeholder=\"+351 9XX XXX XXX\" id=\"forminator-field-phone-1_69fb1b0c182b9\" class=\"forminator-input forminator-field--phone\" data-required=\"\" aria-required=\"false\" autocomplete=\"off\" data-national_mode=\"disabled\" data-country=\"pt\" data-validation=\"international\" \/><\/div><\/div><\/div><div class=\"forminator-row\"><div id=\"html-1\" class=\"forminator-field-html forminator-col forminator-col-12\"><div class=\"forminator-field forminator-merge-tags\" data-field=\"html-1\"><div id=\"custom-field\">&nbsp;<\/div><\/div><\/div><\/div><div class=\"forminator-row\"><div id=\"date-1\" class=\"forminator-field-date forminator-col forminator-col-6\"><div class=\"forminator-field\"><div class=\"forminator-input-with-icon\"><span class=\"forminator-icon-calendar\" aria-hidden=\"true\"><\/span><input autocomplete=\"off\" type=\"text\" size=\"1\" name=\"date-1\" value=\"\" placeholder=\"Preference Date\" id=\"forminator-field-date-1-picker_69fb1b0c182b9\" class=\"forminator-input forminator-datepicker\" data-required=\"\" data-format=\"dd-mm-yy\" data-restrict-type=\"week\" data-restrict=\"0,6\" data-start-year=\"2026\" data-end-year=\"2126\" data-past-dates=\"enable\" data-start-of-week=\"1\" data-start-date=\"2026-05-06\" data-end-date=\"\" data-start-field=\"\" data-end-field=\"\" data-start-offset=\"\" data-end-offset=\"\" data-disable-date=\"\" data-disable-range=\"\" \/><\/div><\/div><\/div><div id=\"select-2\" class=\"forminator-field-select forminator-col forminator-col-6\"><div class=\"forminator-field\"><select  id=\"forminator-form-639__field--select-2_69fb1b0c182b9\" class=\"forminator-select--field forminator-select2 forminator-select2-multiple\" data-required=\"\" name=\"select-2\" data-default-value=\"one\" data-hidden-behavior=\"zero\" data-placeholder=\"Prefer\u00eancia Hor\u00e1rio\" data-search=\"false\" data-search-placeholder=\"Prefer\u00eancia Hor\u00e1rio\" data-checkbox=\"false\" data-allow-clear=\"false\" aria-labelledby=\"forminator-form-639__field--select-2_69fb1b0c182b9-label\"><option value=\"\"  >Time Preference<\/option><option value=\"one\" selected=\"selected\" data-calculation=\"0\">Any time<\/option><option value=\"two\"  data-calculation=\"0\">Morning<\/option><option value=\"Tarde\"  data-calculation=\"0\">Afternoon<\/option><\/select><\/div><\/div><\/div><div class=\"forminator-row\"><div id=\"textarea-1\" class=\"forminator-field-textarea forminator-col forminator-col-12\"><div class=\"forminator-field\"><textarea name=\"textarea-1\" placeholder=\"Reason for contact...*\" id=\"forminator-field-textarea-1_69fb1b0c182b9\" class=\"forminator-textarea\" rows=\"6\" style=\"min-height:140px;\" ><\/textarea><\/div><\/div><\/div><div class=\"forminator-row forminator-hidden marcacao-hidden\"><input type=\"hidden\" id=\"hidden-1_69fb1b0c182b9\" name=\"hidden-1\" value=\"\" \/><\/div><div class=\"forminator-row\"><div id=\"captcha-1\" class=\"forminator-field-captcha forminator-col forminator-col-12\"><div class=\"forminator-captcha-left forminator-g-recaptcha\" data-theme=\"light\"  data-sitekey=\"6LcZ7aYqAAAAACUNEas16aaVsgZuKVbEN1Jl7i1q\" data-size=\"normal\"><\/div> <\/div><\/div><input type=\"hidden\" name=\"referer_url\" value=\"\" \/><div class=\"forminator-row forminator-row-last\"><div class=\"forminator-col\"><div class=\"forminator-field\"><button class=\"forminator-button forminator-button-submit elementor-button\">To send<\/button><\/div><\/div><\/div><input type=\"hidden\" id=\"forminator_nonce\" name=\"forminator_nonce\" value=\"c5db2085c2\" \/><input type=\"hidden\" name=\"_wp_http_referer\" value=\"\/en\/wp-json\/wp\/v2\/pages\/55\" \/><input type=\"hidden\" name=\"form_id\" value=\"639\"><input type=\"hidden\" name=\"page_id\" value=\"55\"><input type=\"hidden\" name=\"form_type\" value=\"default\"><input type=\"hidden\" name=\"current_url\" value=\"https:\/\/questclinic.pt\/en\/contactos\/\"><input type=\"hidden\" name=\"render_id\" value=\"0\"><input type=\"hidden\" name=\"action\" value=\"forminator_submit_form_custom-forms\"><label for=\"input_8\" class=\"forminator-hidden\" aria-hidden=\"true\">Please do not fill in this field. <input id=\"input_8\" type=\"text\" name=\"input_8\" value=\"\" autocomplete=\"off\"><\/label><input type=\"hidden\" name=\"trp-form-language\" value=\"en\"\/><\/form><\/div>\n\t\t\t\t\t\t<\/div>\n\t\t\t\t<\/div>\n\t\t\t\t\t<\/div>\n\t\t\t\t<\/div>\n\t\t<div class=\"elementor-element elementor-element-84903f5 e-flex e-con-boxed wpr-jarallax-no wpr-sticky-section-no e-con e-parent\" data-id=\"84903f5\" data-element_type=\"container\" id=\"slidr_marcacoes\" data-settings=\"{&quot;background_background&quot;:&quot;classic&quot;}\">\n\t\t\t\t\t<div class=\"e-con-inner\">\n\t\t\t\t\t<\/div>\n\t\t\t\t<\/div>\n\t\t\t\t<\/div>","protected":false},"excerpt":{"rendered":"<p>Fa\u00e7a as suas marca\u00e7\u00f5es online ou contacte-nos por telefone ou email Quer marcar uma consulta ou esclarecer d\u00favidas? Preencha o<\/p>","protected":false},"author":1,"featured_media":0,"parent":0,"menu_order":0,"comment_status":"closed","ping_status":"closed","template":"elementor_header_footer","meta":{"_acf_changed":false,"site-sidebar-layout":"no-sidebar","site-content-layout":"","ast-site-content-layout":"full-width-container","site-content-style":"default","site-sidebar-style":"default","ast-global-header-display":"","ast-banner-title-visibility":"","ast-main-header-display":"","ast-hfb-above-header-display":"","ast-hfb-below-header-display":"","ast-hfb-mobile-header-display":"","site-post-title":"disabled","ast-breadcrumbs-content":"","ast-featured-img":"disabled","footer-sml-layout":"","ast-disable-related-posts":"","theme-transparent-header-meta":"","adv-header-id-meta":"","stick-header-meta":"","header-above-stick-meta":"","header-main-stick-meta":"","header-below-stick-meta":"","astra-migrate-meta-layouts":"default","ast-page-background-enabled":"default","ast-page-background-meta":{"desktop":{"background-color":"var(--ast-global-color-4)","background-image":"","background-repeat":"repeat","background-position":"center center","background-size":"auto","background-attachment":"scroll","background-type":"","background-media":"","overlay-type":"","overlay-color":"","overlay-opacity":"","overlay-gradient":""},"tablet":{"background-color":"","background-image":"","background-repeat":"repeat","background-position":"center center","background-size":"auto","background-attachment":"scroll","background-type":"","background-media":"","overlay-type":"","overlay-color":"","overlay-opacity":"","overlay-gradient":""},"mobile":{"background-color":"","background-image":"","background-repeat":"repeat","background-position":"center center","background-size":"auto","background-attachment":"scroll","background-type":"","background-media":"","overlay-type":"","overlay-color":"","overlay-opacity":"","overlay-gradient":""}},"ast-content-background-meta":{"desktop":{"background-color":"var(--ast-global-color-5)","background-image":"","background-repeat":"repeat","background-position":"center center","background-size":"auto","background-attachment":"scroll","background-type":"","background-media":"","overlay-type":"","overlay-color":"","overlay-opacity":"","overlay-gradient":""},"tablet":{"background-color":"var(--ast-global-color-5)","background-image":"","background-repeat":"repeat","background-position":"center center","background-size":"auto","background-attachment":"scroll","background-type":"","background-media":"","overlay-type":"","overlay-color":"","overlay-opacity":"","overlay-gradient":""},"mobile":{"background-color":"var(--ast-global-color-5)","background-image":"","background-repeat":"repeat","background-position":"center center","background-size":"auto","background-attachment":"scroll","background-type":"","background-media":"","overlay-type":"","overlay-color":"","overlay-opacity":"","overlay-gradient":""}},"footnotes":""},"class_list":["post-55","page","type-page","status-publish","hentry"],"acf":[],"_links":{"self":[{"href":"https:\/\/questclinic.pt\/en\/wp-json\/wp\/v2\/pages\/55","targetHints":{"allow":["GET"]}}],"collection":[{"href":"https:\/\/questclinic.pt\/en\/wp-json\/wp\/v2\/pages"}],"about":[{"href":"https:\/\/questclinic.pt\/en\/wp-json\/wp\/v2\/types\/page"}],"author":[{"embeddable":true,"href":"https:\/\/questclinic.pt\/en\/wp-json\/wp\/v2\/users\/1"}],"replies":[{"embeddable":true,"href":"https:\/\/questclinic.pt\/en\/wp-json\/wp\/v2\/comments?post=55"}],"version-history":[{"count":0,"href":"https:\/\/questclinic.pt\/en\/wp-json\/wp\/v2\/pages\/55\/revisions"}],"wp:attachment":[{"href":"https:\/\/questclinic.pt\/en\/wp-json\/wp\/v2\/media?parent=55"}],"curies":[{"name":"wp","href":"https:\/\/api.w.org\/{rel}","templated":true}]}}